{"id":18,"date":"2017-01-10T12:19:06","date_gmt":"2017-01-10T12:19:06","guid":{"rendered":"http:\/\/fidelius-heimtier.de\/?page_id=18"},"modified":"2022-09-08T07:39:16","modified_gmt":"2022-09-08T07:39:16","slug":"impressum","status":"publish","type":"page","link":"https:\/\/www.fidelius-handelsgesellschaft.eu\/cz\/impressum\/","title":{"rendered":"Tir\u00e1\u017e"},"content":{"rendered":"<p>Fidelius Handelsgesellschaft mbH<\/p>\n<p>Fabrikstra\u00dfe 3<br \/>\n48599 Gronau<\/p>\n<p>Telefon: +49 (0) 2562 \/ 8146-17<br \/>\nTelefax: +49 (0) 2562 \/ 8146-14<br \/>\nE-mail: <a href=\"mailto:info@fidelius-heimtier.de\">info@fidelius-handelsgesellschaft.de<\/a><\/p>\n<p><strong>Z\u00e1stupce spole\u010dnosti:<\/strong><br \/>\nGerhard Poorthuis<\/p>\n<p><strong>DI\u010c: <\/strong><br \/>\nDa\u0148ov\u00e9 identifika\u010dn\u00ed \u010d\u00edslo podle \u00a7 27a z\u00e1kona o dani z\u00a0p\u0159idan\u00e9 hodnoty:<br \/>\nDE 241 703 943<\/p>\n<p>Ozna\u010den\u00ed povol\u00e1n\u00ed: Velkoobchod<br \/>\nOzna\u010den\u00ed povol\u00e1n\u00ed ud\u011bleno v\u00a0zemi: N\u011bmecko<br \/>\n\u00dapravy: 1. oblast p\u016fsobnosti<\/p>\n<p>Odkaz: <a href=\"https:\/\/www.fidelius-heimtier.de\">https:\/\/www.fidelius-handelsgesellschaft.de<\/a><\/p>\n<h3><\/h3>\n<h3>Informace o \u0159e\u0161en\u00ed spor\u016f v\u00a0EU<\/h3>\n<p>Pro \u00fa\u010dely mimosoudn\u00edho \u0159e\u0161en\u00ed spot\u0159ebitelsk\u00fdch spor\u016f v\u00a0EU zalo\u017eila Evropsk\u00e1 unie on-line platformu (d\u00e1le jen \u201eplatforma\u201c), na kterou se m\u016f\u017eete obracet. Platformu naleznete na internetov\u00e9 adrese <a href=\"https:\/\/ec.europa.eu\/consumers\/odr\/\">https:\/\/ec.europa.eu\/consumers\/odr\/<\/a>. Na\u0161e e-mailov\u00e1 adresa zn\u00ed: info@fidelius-heimtier.de<\/p>\n<p>&nbsp;<\/p>\n<h3>Prohl\u00e1\u0161en\u00ed o odpov\u011bdnosti \u2013 pr\u00e1vn\u00ed informace<\/h3>\n<ul>\n<li>1 Upozorn\u011bn\u00ed na obsah<br \/>\nBezplatn\u00fd a voln\u011b p\u0159\u00edstupn\u00fd obsah t\u00e9to internetov\u00e9 str\u00e1nky byl vytvo\u0159en s\u00a0maxim\u00e1ln\u00ed pe\u010dlivost\u00ed. Poskytovatel t\u00e9to internetov\u00e9 str\u00e1nky v\u0161ak nep\u0159ej\u00edm\u00e1 \u017e\u00e1dnou odpov\u011bdnost za spr\u00e1vnost a aktu\u00e1lnost poskytovan\u00fdch bezplatn\u00fdch a voln\u011b p\u0159\u00edstupn\u00fdch \u017eurnalistick\u00fdch p\u0159\u00edru\u010dek a zpr\u00e1v. Jm\u00e9nem ozna\u010den\u00e9 p\u0159\u00edsp\u011bvky uv\u00e1d\u011bj\u00ed n\u00e1zor sv\u00e9ho autora, a ne v\u017edy n\u00e1zor poskytovatele. Pouh\u00fdm otev\u0159en\u00edm bezplatn\u00e9ho a voln\u011b p\u0159\u00edstupn\u00e9ho obsahu nevznik\u00e1 v\u00a0\u017e\u00e1dn\u00e9m p\u0159\u00edpad\u011b smluvn\u00ed vztah mezi u\u017eivatelem a poskytovatelem, pokud chyb\u00ed v\u016fle poskytovatele k\u00a0prosazov\u00e1n\u00ed pr\u00e1vn\u00ed z\u00e1vaznosti.<\/li>\n<li>2 Extern\u00ed odkazy<br \/>\nTato internetov\u00e1 str\u00e1nka obsahuje odkazy na internetov\u00e9 str\u00e1nky t\u0159et\u00edch osob (d\u00e1le jen \u201eextern\u00ed odkazy\u201c). Za tyto internetov\u00e9 str\u00e1nky ru\u010d\u00ed p\u0159\u00edslu\u0161n\u00ed provozovatel\u00e9. Poskytovatel prov\u011b\u0159il p\u0159i prvn\u00edm propojen\u00edm extern\u00edch odkaz\u016f ciz\u00ed obsah v\u00a0tom smyslu, zda je v\u00a0souladu s\u00a0pr\u00e1vn\u00edmi p\u0159edpisy. K dan\u00e9mu okam\u017eiku nebyla zjevn\u00e1 \u017e\u00e1dn\u00e1 poru\u0161en\u00ed pr\u00e1vn\u00edch p\u0159edpis\u016f. Poskytovatel nem\u00e1 \u017e\u00e1dn\u00fd vliv na aktu\u00e1ln\u00ed a budouc\u00ed podobu a na obsah propojen\u00fdch str\u00e1nek. Uveden\u00ed extern\u00edch odkaz\u016f neznamen\u00e1, \u017ee se poskytovatel s\u00a0obsahem pod dan\u00fdm odkazem ztoto\u017e\u0148uje. St\u00e1l\u00e1 kontrola extern\u00edch odkaz\u016f nen\u00ed pro poskytovatele bez konkr\u00e9tn\u00edch upozorn\u011bn\u00ed na poru\u0161en\u00ed pr\u00e1vn\u00edch p\u0159edpis\u016f p\u0159ijateln\u00e1. Je-li v\u0161ak zn\u00e1mo, \u017ee do\u0161lo k\u00a0poru\u0161en\u00ed pr\u00e1vn\u00edch p\u0159edpis\u016f, jsou takov\u00e9 extern\u00ed odkazy neprodlen\u011b smaz\u00e1ny.<\/li>\n<li>3 Autorsk\u00e9 pr\u00e1vo a pr\u00e1va na ochranu pln\u011bn\u00ed<br \/>\nObsah zve\u0159ejn\u011bn\u00fd na t\u00e9to internetov\u00e9 str\u00e1nce se \u0159\u00edd\u00ed n\u011bmeck\u00fdm autorsk\u00fdm pr\u00e1vem a pr\u00e1vem na ochranu pln\u011bn\u00ed. Ka\u017ed\u00e9 vyu\u017eit\u00ed povolen\u00e9 n\u011bmeck\u00fdm autorsk\u00fdm pr\u00e1vem a pr\u00e1vem na ochranu pln\u011bn\u00ed vy\u017eaduje p\u0159edchoz\u00ed p\u00edsemn\u00fd souhlas poskytovatele nebo p\u0159\u00edslu\u0161n\u00e9ho majitele pr\u00e1v. To plat\u00ed zejm\u00e9na pro rozmno\u017eov\u00e1n\u00ed, p\u0159epracov\u00e1n\u00ed, p\u0159eklad, ukl\u00e1d\u00e1n\u00ed, zpracov\u00e1n\u00ed p\u0159\u00edp. reprodukci obsahu v\u00a0datab\u00e1z\u00edch \u010di jin\u00fdch elektronick\u00fdch m\u00e9di\u00edch a syst\u00e9mech. Obsah a pr\u00e1va t\u0159et\u00edch osob jsou p\u0159itom jako takov\u00e9 ozna\u010deny. Nepovolen\u00e9 rozmno\u017eov\u00e1n\u00ed nebo reprodukce jednotliv\u00fdch \u010d\u00e1st\u00ed obsahu \u010di cel\u00fdch str\u00e1nek nejsou dovoleny a jsou trestn\u00e9. Povolena je pouze tvorba kopi\u00ed a stahov\u00e1n\u00ed pro osobn\u00ed, soukromou a nekomer\u010dn\u00ed pot\u0159ebu.<\/li>\n<\/ul>\n<p>Zn\u00e1zor\u0148ov\u00e1n\u00ed t\u00e9to internetov\u00e9 str\u00e1nky v\u00a0ciz\u00edch r\u00e1mc\u00edch je p\u0159\u00edpustn\u00e9 pouze s\u00a0p\u00edsemn\u00fdm souhlasem.<\/p>\n<ul>\n<li>4 Zvl\u00e1\u0161tn\u00ed podm\u00ednky u\u017e\u00edv\u00e1n\u00ed<br \/>\nPokud se zvl\u00e1\u0161tn\u00ed podm\u00ednky pro jednotliv\u00e1 u\u017e\u00edv\u00e1n\u00ed t\u00e9to internetov\u00e9 str\u00e1nky odli\u0161uj\u00ed od p\u0159edchoz\u00edch paragraf\u016f, je na to na p\u0159\u00edslu\u0161n\u00e9m m\u00edst\u011b v\u00fdslovn\u011b upozorn\u011bno. Pak plat\u00ed v\u00a0dan\u00e9m jednotliv\u00e9m p\u0159\u00edpad\u011b zvl\u00e1\u0161tn\u00ed podm\u00ednky u\u017e\u00edv\u00e1n\u00ed.<\/li>\n<\/ul>\n<p>Zdroj: Juraforum.de \u2013 Bezplatn\u00e9 on-line vytvo\u0159en\u00ed tir\u00e1\u017ee <a href=\"https:\/\/www.juraforum.de\/impressum-generator\/\">zde<\/a>.<\/p>\n<p>&nbsp;<\/p>\n<h3>Prohl\u00e1\u0161en\u00ed o ochran\u011b \u00fadaj\u016f:<\/h3>\n<p><strong>Ochrana \u00fadaj\u016f<\/strong><br \/>\nN\u00ed\u017ee bychom v\u00e1s cht\u011bli sezn\u00e1mit s\u00a0prohl\u00e1\u0161en\u00edm o ochran\u011b \u00fadaj\u016f. Naleznete zde informace o z\u00edsk\u00e1v\u00e1n\u00ed a pou\u017e\u00edv\u00e1n\u00ed osobn\u00edch \u00fadaj\u016f p\u0159i pou\u017eit\u00ed na\u0161\u00ed internetov\u00e9 str\u00e1nky. Dodr\u017eujeme p\u0159i tom pr\u00e1vo o ochran\u011b \u00fadaj\u016f platn\u00e9 v\u00a0N\u011bmecku. Toto prohl\u00e1\u0161en\u00ed si m\u016f\u017eete kdykoli p\u0159e\u010d\u00edst na na\u0161\u00ed internetov\u00e9 str\u00e1nce.<\/p>\n<p>Upozor\u0148ujeme v\u00fdslovn\u011b na to, \u017ee p\u0159enos dat na internetu (nap\u0159. p\u0159i komunikaci e-mailem) vykazuje bezpe\u010dnostn\u00ed mezery a nelze ho zcela uchr\u00e1nit p\u0159ed p\u0159\u00edstupem t\u0159et\u00edch osob.<\/p>\n<p>Pou\u017e\u00edv\u00e1n\u00ed kontaktn\u00edch \u00fadaj\u016f z\u00a0na\u0161\u00ed tir\u00e1\u017ee k\u00a0obchodn\u00ed reklam\u011b je v\u00fdslovn\u011b ne\u017e\u00e1douc\u00ed, leda\u017ee jsme s\u00a0n\u00edm p\u00edsemn\u011b souhlasili nebo ji\u017e existuje obchodn\u00ed vztah. Poskytovatel a v\u0161echny osoby uveden\u00e9 na t\u00e9to internetov\u00e9 str\u00e1nce nesouhlas\u00ed t\u00edmto s\u00a0jak\u00fdmkoli komer\u010dn\u00edm pou\u017eit\u00edm a p\u0159ed\u00e1v\u00e1n\u00edm sv\u00fdch \u00fadaj\u016f.<\/p>\n<p><strong>Osobn\u00ed \u00fadaje<\/strong><\/p>\n<p>Na\u0161i internetovou str\u00e1nku m\u016f\u017eete nav\u0161t\u00edvit bez uveden\u00ed osobn\u00edch \u00fadaj\u016f. Pokud jsou na na\u0161ich str\u00e1nk\u00e1ch z\u00edsk\u00e1v\u00e1ny osobn\u00ed \u00fadaje (jako je jm\u00e9no, adresa nebo e-mail), d\u011bje se tak dobrovoln\u011b. Tyto \u00fadaje nejsou bez va\u0161eho v\u00fdslovn\u00e9ho souhlasu p\u0159ed\u00e1v\u00e1ny t\u0159et\u00edm osob\u00e1m. Pokud mezi v\u00e1mi a n\u00e1mi m\u00e1 b\u00fdt zalo\u017een, obsahov\u011b utv\u00e1\u0159en nebo zm\u011bn\u011bn smluvn\u00ed vztah nebo pokud na n\u00e1s vznesete dotaz, shroma\u017ed\u00edme a pou\u017eijeme osobn\u00ed \u00fadaje o v\u00e1s, je-li to pro tyto \u00fa\u010dely nutn\u00e9 (stavov\u00e9 \u00fadaje). Osobn\u00ed \u00fadaje shroma\u017e\u010fujeme, zpracov\u00e1v\u00e1me a pou\u017e\u00edv\u00e1me v\u00a0nezbytn\u00fdch p\u0159\u00edpadech, abychom v\u00e1m umo\u017enili vzn\u00e9st n\u00e1rok na internetovou nab\u00eddku (u\u017eivatelsk\u00e9 \u00fadaje). Ve\u0161ker\u00e9 osobn\u00ed \u00fadaje jsou ukl\u00e1d\u00e1ny jen po dobu nutnou pro uveden\u00fd \u00fa\u010del (zpracov\u00e1n\u00ed va\u0161eho dotazu nebo spln\u011bn\u00ed smlouvy). P\u0159i tom jsou br\u00e1ny v\u00a0\u00favahu da\u0148ov\u00e9 a obchodn\u011b-pr\u00e1vn\u00ed lh\u016fty pro uchov\u00e1v\u00e1n\u00ed. Na p\u0159\u00edkaz p\u0159\u00edslu\u0161n\u00fdch m\u00edst sm\u00edme v\u00a0jednotliv\u00fdch p\u0159\u00edpadech poskytnout informaci o t\u011bchto \u00fadaj\u00edch (stavov\u00e9 \u00fadaje), je-li to nezbytn\u00e9 pro \u00fa\u010dely trestn\u00edho st\u00edh\u00e1n\u00ed, odvr\u00e1cen\u00ed nebezpe\u010d\u00ed, spln\u011bn\u00ed z\u00e1konn\u00fdch \u00faloh org\u00e1n\u016f na ochranu \u00fastavy \u010di vojensk\u00e9 obrann\u00e9 slu\u017eby nebo k\u00a0prosazen\u00ed pr\u00e1v na du\u0161evn\u00ed vlastnictv\u00ed.<\/p>\n<p><strong>Pr\u00e1vo na informace<\/strong><br \/>\nM\u00e1te kdykoli pr\u00e1vo se bezplatn\u011b a neprodlen\u011b informovat o \u00fadaj\u00edch z\u00edskan\u00fdch o va\u0161\u00ed osob\u011b. Jste kdykoli opr\u00e1vn\u011bni sv\u016fj souhlas s\u00a0pou\u017e\u00edv\u00e1n\u00edm uveden\u00fdch osobn\u00edch \u00fadaj\u016f s\u00a0\u00fa\u010dinnost\u00ed do budoucnosti zru\u0161it. Za \u00fa\u010delem z\u00edsk\u00e1n\u00ed informac\u00ed se pros\u00edm obra\u0165te na poskytovatele, jeho\u017e kontaktn\u00ed \u00fadaje jsou uvedeny v\u00a0tir\u00e1\u017ei.<\/p>\n<p>Zdroj: <a href=\"https:\/\/www.juraforum.de\">www.juraforum.de<\/a><\/p>","protected":false},"excerpt":{"rendered":"<p>Fidelius Handelsgesellschaft mbH Fabrikstra\u00dfe 3 48599 Gronau Telefon: +49 (0) 2562 \/ 8146-17 Telefax: +49 (0) 2562 \/ 8146-14 E-mail: info@fidelius-handelsgesellschaft.de Z\u00e1stupce [&hellip;]<\/p>\n","protected":false},"author":1,"featured_media":0,"parent":0,"menu_order":0,"comment_status":"closed","ping_status":"closed","template":"page-templates\/page_fullwidth.php","meta":{"footnotes":""},"_links":{"self":[{"href":"https:\/\/www.fidelius-handelsgesellschaft.eu\/cz\/wp-json\/wp\/v2\/pages\/18"}],"collection":[{"href":"https:\/\/www.fidelius-handelsgesellschaft.eu\/cz\/wp-json\/wp\/v2\/pages"}],"about":[{"href":"https:\/\/www.fidelius-handelsgesellschaft.eu\/cz\/wp-json\/wp\/v2\/types\/page"}],"author":[{"embeddable":true,"href":"https:\/\/www.fidelius-handelsgesellschaft.eu\/cz\/wp-json\/wp\/v2\/users\/1"}],"replies":[{"embeddable":true,"href":"https:\/\/www.fidelius-handelsgesellschaft.eu\/cz\/wp-json\/wp\/v2\/comments?post=18"}],"version-history":[{"count":25,"href":"https:\/\/www.fidelius-handelsgesellschaft.eu\/cz\/wp-json\/wp\/v2\/pages\/18\/revisions"}],"predecessor-version":[{"id":279,"href":"https:\/\/www.fidelius-handelsgesellschaft.eu\/cz\/wp-json\/wp\/v2\/pages\/18\/revisions\/279"}],"wp:attachment":[{"href":"https:\/\/www.fidelius-handelsgesellschaft.eu\/cz\/wp-json\/wp\/v2\/media?parent=18"}],"curies":[{"name":"wp","href":"https:\/\/api.w.org\/{rel}","templated":true}]}}