{"id":2,"date":"2016-05-10T03:48:21","date_gmt":"2016-05-10T03:48:21","guid":{"rendered":"http:\/\/wp452m.a10-52-158-154.qa.plesk.ru\/wordpress\/?page_id=2"},"modified":"2020-01-30T12:24:03","modified_gmt":"2020-01-30T12:24:03","slug":"sample-page","status":"publish","type":"page","link":"https:\/\/www.fidelius-handelsgesellschaft.eu\/cz\/","title":{"rendered":"\u00davodn\u00ed str\u00e1nka"},"content":{"rendered":"<p><\/p>\n<h3 style=\"text-align: center;\"><img loading=\"lazy\" decoding=\"async\" class=\"size-full wp-image-70 alignright\" src=\"https:\/\/www.fidelius-handelsgesellschaft.eu\/wp-content\/uploads\/2017\/01\/FSCgw_d_rgb.jpg\" alt=\"\" width=\"156\" height=\"226\" \/><strong>O n\u00e1s<\/strong><\/h3>\n<p style=\"text-align: center;\">Spole\u010dnost Fidelius je va\u0161\u00edm partnerem v\u00a0oblasti v\u00fdrobk\u016f pro dom\u00e1c\u00ed zv\u00ed\u0159ata. N\u00e1\u0161 rozs\u00e1hl\u00fd sortiment se vyzna\u010duje vysokou kvalitou a pe\u010dliv\u00fdm v\u00fdb\u011brem, abyste jako z\u00e1kazn\u00edci dostali to nejlep\u0161\u00ed. Sv\u00e9 v\u00fdrobky vyr\u00e1b\u00edme v\u00a0souladu s\u00a0p\u0159\u00edsn\u00fdmi z\u00e1sadami udr\u017eitelnosti. U v\u00fdrobc\u016f a ve sv\u00e9 vlastn\u00ed produkci db\u00e1me na soci\u00e1ln\u00ed standardy. Samoz\u0159ejmost\u00ed je pro n\u00e1s udr\u017eiteln\u00e9 nakl\u00e1d\u00e1n\u00ed s\u00a0energi\u00ed a surovinami. Zaji\u0161\u0165ujeme a vedeme v\u0161echny sv\u00e9 partnery v\u00a0hodnotov\u00e9m \u0159et\u011bzci k\u00a0tomu, aby se \u0159\u00eddili na\u0161imi hlavn\u00edmi sm\u011bry a z\u00e1sadami pro udr\u017eiteln\u00e9 hospod\u00e1\u0159stv\u00ed.<br \/>\nJsme firma s\u00a0certifikac\u00ed FSC<sup>\u00ae<\/sup>. Na\u0161e certifikovan\u00e9 d\u0159ev\u011bn\u00e9 v\u00fdrobky spl\u0148uj\u00ed standardy FSC<sup>\u00ae<\/sup>. Pou\u017e\u00edvan\u00e9 d\u0159evo poch\u00e1z\u00ed z\u00a0dob\u0159e obhospoda\u0159ovan\u00fdch les\u016f.<\/p>\n<p style=\"text-align: center;\">\n<h3 class=\"widget-title\" style=\"text-align: center;\"><img loading=\"lazy\" decoding=\"async\" class=\"wp-image-171 alignright\" src=\"https:\/\/fidelius-heimtier.de\/wp-content\/uploads\/2017\/01\/Hamster-Heurolle-277x300.png\" alt=\"\" width=\"150\" height=\"162\" srcset=\"https:\/\/www.fidelius-handelsgesellschaft.eu\/wp-content\/uploads\/2017\/01\/Hamster-Heurolle-277x300.png 277w, https:\/\/www.fidelius-handelsgesellschaft.eu\/wp-content\/uploads\/2017\/01\/Hamster-Heurolle-768x831.png 768w, https:\/\/www.fidelius-handelsgesellschaft.eu\/wp-content\/uploads\/2017\/01\/Hamster-Heurolle-947x1024.png 947w, https:\/\/www.fidelius-handelsgesellschaft.eu\/wp-content\/uploads\/2017\/01\/Hamster-Heurolle-830x898.png 830w, https:\/\/www.fidelius-handelsgesellschaft.eu\/wp-content\/uploads\/2017\/01\/Hamster-Heurolle-230x249.png 230w, https:\/\/www.fidelius-handelsgesellschaft.eu\/wp-content\/uploads\/2017\/01\/Hamster-Heurolle-350x378.png 350w, https:\/\/www.fidelius-handelsgesellschaft.eu\/wp-content\/uploads\/2017\/01\/Hamster-Heurolle-480x519.png 480w\" sizes=\"(max-width: 150px) 100vw, 150px\" \/><\/h3>\n<p><\/p>","protected":false},"excerpt":{"rendered":"<p>O n\u00e1s Spole\u010dnost Fidelius je va\u0161\u00edm partnerem v\u00a0oblasti v\u00fdrobk\u016f pro dom\u00e1c\u00ed zv\u00ed\u0159ata. N\u00e1\u0161 rozs\u00e1hl\u00fd sortiment se vyzna\u010duje vysokou kvalitou a pe\u010dliv\u00fdm v\u00fdb\u011brem, [&hellip;]<\/p>\n","protected":false},"author":1,"featured_media":0,"parent":0,"menu_order":0,"comment_status":"closed","ping_status":"open","template":"page-templates\/page_fullwidth.php","meta":{"footnotes":""},"_links":{"self":[{"href":"https:\/\/www.fidelius-handelsgesellschaft.eu\/cz\/wp-json\/wp\/v2\/pages\/2"}],"collection":[{"href":"https:\/\/www.fidelius-handelsgesellschaft.eu\/cz\/wp-json\/wp\/v2\/pages"}],"about":[{"href":"https:\/\/www.fidelius-handelsgesellschaft.eu\/cz\/wp-json\/wp\/v2\/types\/page"}],"author":[{"embeddable":true,"href":"https:\/\/www.fidelius-handelsgesellschaft.eu\/cz\/wp-json\/wp\/v2\/users\/1"}],"replies":[{"embeddable":true,"href":"https:\/\/www.fidelius-handelsgesellschaft.eu\/cz\/wp-json\/wp\/v2\/comments?post=2"}],"version-history":[{"count":44,"href":"https:\/\/www.fidelius-handelsgesellschaft.eu\/cz\/wp-json\/wp\/v2\/pages\/2\/revisions"}],"predecessor-version":[{"id":272,"href":"https:\/\/www.fidelius-handelsgesellschaft.eu\/cz\/wp-json\/wp\/v2\/pages\/2\/revisions\/272"}],"wp:attachment":[{"href":"https:\/\/www.fidelius-handelsgesellschaft.eu\/cz\/wp-json\/wp\/v2\/media?parent=2"}],"curies":[{"name":"wp","href":"https:\/\/api.w.org\/{rel}","templated":true}]}}