{"id":2,"date":"2016-05-10T03:48:21","date_gmt":"2016-05-10T03:48:21","guid":{"rendered":"http:\/\/wp452m.a10-52-158-154.qa.plesk.ru\/wordpress\/?page_id=2"},"modified":"2020-01-30T12:24:03","modified_gmt":"2020-01-30T12:24:03","slug":"sample-page","status":"publish","type":"page","link":"https:\/\/www.fidelius-handelsgesellschaft.eu\/es\/","title":{"rendered":"P\u00e1gina de inicio"},"content":{"rendered":"<p><\/p>\n<h3 class=\"widget-title\" style=\"text-align: center;\"><strong>Sobre nosotros<\/strong><img loading=\"lazy\" decoding=\"async\" class=\"size-full wp-image-70 alignright\" src=\"https:\/\/www.fidelius-handelsgesellschaft.eu\/wp-content\/uploads\/2017\/01\/FSCgw_d_rgb.jpg\" alt=\"\" width=\"156\" height=\"226\" \/><\/h3>\n<p style=\"text-align: center;\">fidelius es su socio cuando se trata de suministros para animales dom\u00e9sticos. Nuestro amplio surtido convence por su alta calidad y cuidada selecci\u00f3n para que usted, como cliente, reciba lo mejor. Fabricamos nuestros productos siguiendo rigurosos principios de sostenibilidad. Con los fabricantes y en nuestra propia producci\u00f3n, prestamos atenci\u00f3n a los est\u00e1ndares sociales. Para nosotros, la sostenibilidad de la energ\u00eda y las materias se da por sentado. Animamos a nuestros socios en la cadena de suministro a orientarse seg\u00fan nuestros principios para una econom\u00eda sostenible.<br \/>\nSomos una empresa certificada FSC<sup>\u00ae<\/sup>. Nuestros productos de madera certificados cumplen con los est\u00e1ndares FSC<sup>\u00ae<\/sup>. La madera utilizada proviene de bosques explotados de manera sostenible<\/p>\n<p style=\"text-align: center;\">\n<p style=\"text-align: center;\"><img loading=\"lazy\" decoding=\"async\" class=\" wp-image-171 alignright\" src=\"https:\/\/fidelius-heimtier.de\/wp-content\/uploads\/2017\/01\/Hamster-Heurolle-277x300.png\" alt=\"\" width=\"150\" height=\"162\" srcset=\"https:\/\/www.fidelius-handelsgesellschaft.eu\/wp-content\/uploads\/2017\/01\/Hamster-Heurolle-277x300.png 277w, https:\/\/www.fidelius-handelsgesellschaft.eu\/wp-content\/uploads\/2017\/01\/Hamster-Heurolle-768x831.png 768w, https:\/\/www.fidelius-handelsgesellschaft.eu\/wp-content\/uploads\/2017\/01\/Hamster-Heurolle-947x1024.png 947w, https:\/\/www.fidelius-handelsgesellschaft.eu\/wp-content\/uploads\/2017\/01\/Hamster-Heurolle-830x898.png 830w, https:\/\/www.fidelius-handelsgesellschaft.eu\/wp-content\/uploads\/2017\/01\/Hamster-Heurolle-230x249.png 230w, https:\/\/www.fidelius-handelsgesellschaft.eu\/wp-content\/uploads\/2017\/01\/Hamster-Heurolle-350x378.png 350w, https:\/\/www.fidelius-handelsgesellschaft.eu\/wp-content\/uploads\/2017\/01\/Hamster-Heurolle-480x519.png 480w\" sizes=\"(max-width: 150px) 100vw, 150px\" \/><\/p>\n<h3 class=\"widget-title\" style=\"text-align: center;\"><\/h3>\n<p>&nbsp;<\/p>","protected":false},"excerpt":{"rendered":"<p>Sobre nosotros fidelius es su socio cuando se trata de suministros para animales dom\u00e9sticos. Nuestro amplio surtido convence por su alta calidad [&hellip;]<\/p>\n","protected":false},"author":1,"featured_media":0,"parent":0,"menu_order":0,"comment_status":"closed","ping_status":"open","template":"page-templates\/page_fullwidth.php","meta":{"footnotes":""},"_links":{"self":[{"href":"https:\/\/www.fidelius-handelsgesellschaft.eu\/es\/wp-json\/wp\/v2\/pages\/2"}],"collection":[{"href":"https:\/\/www.fidelius-handelsgesellschaft.eu\/es\/wp-json\/wp\/v2\/pages"}],"about":[{"href":"https:\/\/www.fidelius-handelsgesellschaft.eu\/es\/wp-json\/wp\/v2\/types\/page"}],"author":[{"embeddable":true,"href":"https:\/\/www.fidelius-handelsgesellschaft.eu\/es\/wp-json\/wp\/v2\/users\/1"}],"replies":[{"embeddable":true,"href":"https:\/\/www.fidelius-handelsgesellschaft.eu\/es\/wp-json\/wp\/v2\/comments?post=2"}],"version-history":[{"count":44,"href":"https:\/\/www.fidelius-handelsgesellschaft.eu\/es\/wp-json\/wp\/v2\/pages\/2\/revisions"}],"predecessor-version":[{"id":272,"href":"https:\/\/www.fidelius-handelsgesellschaft.eu\/es\/wp-json\/wp\/v2\/pages\/2\/revisions\/272"}],"wp:attachment":[{"href":"https:\/\/www.fidelius-handelsgesellschaft.eu\/es\/wp-json\/wp\/v2\/media?parent=2"}],"curies":[{"name":"wp","href":"https:\/\/api.w.org\/{rel}","templated":true}]}}