{"id":17,"date":"2017-01-10T12:19:06","date_gmt":"2017-01-10T12:19:06","guid":{"rendered":"http:\/\/fidelius-heimtier.de\/?page_id=17"},"modified":"2018-05-28T07:45:00","modified_gmt":"2018-05-28T07:45:00","slug":"kontakt","status":"publish","type":"page","link":"https:\/\/www.fidelius-handelsgesellschaft.eu\/fr\/kontakt\/","title":{"rendered":"Contact"},"content":{"rendered":"<p><form enctype=\"multipart\/form-data\" method=\"post\" id=\"psfb166\" action=\"https:\/\/www.fidelius-handelsgesellschaft.eu\/fr\/kontakt\/\" class=\"planso-form-builder\" data-id=\"166\" data-cnt=\"5\" id=\"planso_forms_166_5\" data-locale=\"fr\" data-locale_long=\"fr_FR\" data-datepicker=\"bootstrap-datetimepicker\" data-date_format=\"F j, Y\" data-moment_date_format=\"MMMM D, YYYY\" data-jqueryui_date_format=\"MM d, yy\" data-eternicode_date_format=\"MM d, yyyy\"><div class=\"container-fluid\"><input type=\"hidden\" name=\"psfb_pageurl\" value=\"https:\/\/www.fidelius-handelsgesellschaft.eu\/fr\/kontakt\/\"\/><input type=\"hidden\" name=\"psfb_userip\" value=\"216.73.216.21\"\/><input type=\"hidden\" name=\"psfb_useragent\" value=\"Mozilla\/5.0 AppleWebKit\/537.36 (KHTML, like Gecko; compatible; ClaudeBot\/1.0; +claudebot@anthropic.com)\"\/><input type=\"hidden\" name=\"psfb_landingpage\" value=\"http:\/\/www.fidelius-handelsgesellschaft.eu\/robots.txt\"\/><input type=\"hidden\" name=\"psfb_referer\" value=\"Direct\"\/><input type=\"hidden\" name=\"psfb_page_id\" value=\"17\"\/><input type=\"hidden\" name=\"psfb_form_submit\" value=\"1\"\/><input type=\"hidden\" name=\"psfb_form_id\" value=\"166\"\/><input type=\"hidden\" name=\"psfb_form_cnt\" value=\"5\"\/><div style=\"display:none\"><input type=\"text\" name=\"psfb_hon_as\"\/><\/div><div style=\"display:none\"><input type=\"text\" name=\"psfb_hon_as2\" id=\"psfb_hon_as2_166_5\" value=\"2923a03a70154d9f9ef7da2a684d8276\"\/><\/div><div style=\"display:none\"><input type=\"text\" name=\"psfb_cnt_check\" value=\"5\"\/><\/div><div class=\"row\"><div class=\"col-md-12\"><div class=\"form-group psfb-single-container\"><label class=\"control-label\" for=\"psfield_166_1\">Civilit\u00e9<\/label><select name=\"Civilit_\" class=\"form-control  \" id=\"psfield_166_1\" style=\"\"><option value=\"Madame\" selected=\"selected\">Madame<\/option><option value=\"Monsieur\">Monsieur<\/option><\/select><\/div><\/div><\/div><div class=\"row\"><div class=\"col-md-6\"><div class=\"form-group psfb-single-container\"><label class=\"control-label\" for=\"psfield_166_2\">Pr\u00e9nom <span class=\"psfb_required_mark\">*<\/span><\/label><input type=\"text\" required=\"required\" data-required=\"required\" name=\"Pr_nom_\" value=\"\" class=\"form-control  \" id=\"psfield_166_2\" style=\"\"\/><\/div><\/div><div class=\"col-md-6\"><div class=\"form-group psfb-single-container\"><label class=\"control-label\" for=\"psfield_166_3\">Nom<span class=\"psfb_required_mark\">*<\/span><\/label><input type=\"text\" required=\"required\" data-required=\"required\" name=\"Nom\" value=\"\" class=\"form-control  \" id=\"psfield_166_3\" style=\"\"\/><\/div><\/div><\/div><div class=\"row\"><div class=\"col-md-12\"><div class=\"form-group psfb-single-container\"><label class=\"control-label\" for=\"psfield_166_4\">E-mail<span class=\"psfb_required_mark\">*<\/span><\/label><input type=\"email\" required=\"required\" data-required=\"required\" name=\"E_mail\" value=\"\" class=\"form-control  \" id=\"psfield_166_4\" style=\"\"\/><\/div><\/div><\/div><div class=\"row\"><div class=\"col-md-12\"><div class=\"form-group psfb-single-container\"><label class=\"control-label\" for=\"psfield_166_5\">Num\u00e9ro de t\u00e9l\u00e9phone<span class=\"psfb_required_mark\">*<\/span><\/label><input type=\"tel\" required=\"required\" data-required=\"required\" name=\"Num_ro_de_t_l_phone\" placeholder=\"\" value=\"\" class=\"form-control  \" id=\"psfield_166_5\" style=\"\"\/><\/div><\/div><\/div><div class=\"row\"><div class=\"col-md-12\"><div class=\"form-group psfb-single-container\"><label class=\"control-label\" for=\"psfield_166_6\">Adresse<span class=\"psfb_required_mark\">*<\/span><\/label><input type=\"text\" required=\"required\" data-required=\"required\" name=\"Adresse\" value=\"\" class=\"form-control  \" id=\"psfield_166_6\" style=\"\"\/><\/div><\/div><\/div><div class=\"row\"><div class=\"col-md-12\"><div class=\"form-group psfb-single-container\"><label class=\"control-label\" for=\"psfield_166_7\">Message <span class=\"psfb_required_mark\">*<\/span><\/label><textarea required=\"required\" data-required=\"required\" name=\"Message_\" class=\"form-control  \" id=\"psfield_166_7\" style=\"\"><\/textarea><\/div><\/div><\/div><div class=\"row\"><div class=\"col-md-12\"><div class=\"form-group psfb-single-container\"><label class=\"control-label\" for=\"psfield_166_8\">Site Internet<\/label><input type=\"url\" name=\"Site_Internet\" value=\"\" class=\"form-control  \" id=\"psfield_166_8\" style=\"\"\/><\/div><\/div><\/div><div class=\"row\"><div class=\"col-md-12\"><div class=\"form-group psfb-single-container\"><label class=\"control-label\" for=\"psfield_166_9\">Fichiers<\/label><div class=\"input-group\"><div class=\"input-group-addon\"><span class=\"fa fa-folder-open-o\"><\/span><\/div><input type=\"file\" multiple=\"multiple\" name=\"Fichiers[]\" class=\"form-control  \" id=\"psfield_166_9\" style=\"\"\/><\/div><\/div><\/div><\/div><div class=\"row\"><div class=\"col-md-12\"><div class=\"form-group psfb-single-container\"><div style=\"position:relative;z-index:1;\"><button type=\"submit\" class=\"btn btn-primary     \" id=\"psfield_166_10\" style=\"\">Envoyer<\/button><\/div><\/div><\/div><\/div><\/div><\/form><\/p>","protected":false},"excerpt":{"rendered":"","protected":false},"author":1,"featured_media":0,"parent":0,"menu_order":0,"comment_status":"closed","ping_status":"closed","template":"","meta":{"footnotes":""},"_links":{"self":[{"href":"https:\/\/www.fidelius-handelsgesellschaft.eu\/fr\/wp-json\/wp\/v2\/pages\/17"}],"collection":[{"href":"https:\/\/www.fidelius-handelsgesellschaft.eu\/fr\/wp-json\/wp\/v2\/pages"}],"about":[{"href":"https:\/\/www.fidelius-handelsgesellschaft.eu\/fr\/wp-json\/wp\/v2\/types\/page"}],"author":[{"embeddable":true,"href":"https:\/\/www.fidelius-handelsgesellschaft.eu\/fr\/wp-json\/wp\/v2\/users\/1"}],"replies":[{"embeddable":true,"href":"https:\/\/www.fidelius-handelsgesellschaft.eu\/fr\/wp-json\/wp\/v2\/comments?post=17"}],"version-history":[{"count":12,"href":"https:\/\/www.fidelius-handelsgesellschaft.eu\/fr\/wp-json\/wp\/v2\/pages\/17\/revisions"}],"predecessor-version":[{"id":168,"href":"https:\/\/www.fidelius-handelsgesellschaft.eu\/fr\/wp-json\/wp\/v2\/pages\/17\/revisions\/168"}],"wp:attachment":[{"href":"https:\/\/www.fidelius-handelsgesellschaft.eu\/fr\/wp-json\/wp\/v2\/media?parent=17"}],"curies":[{"name":"wp","href":"https:\/\/api.w.org\/{rel}","templated":true}]}}