{"id":18,"date":"2017-01-10T12:19:06","date_gmt":"2017-01-10T12:19:06","guid":{"rendered":"http:\/\/fidelius-heimtier.de\/?page_id=18"},"modified":"2022-09-08T07:39:16","modified_gmt":"2022-09-08T07:39:16","slug":"impressum","status":"publish","type":"page","link":"https:\/\/www.fidelius-handelsgesellschaft.eu\/fr\/impressum\/","title":{"rendered":"Mentions obligatoires"},"content":{"rendered":"<p>Fidelius Handelsgesellschaft mbH<br \/>\nFabrikstra\u00dfe 3<br \/>\n48599 Gronau<\/p>\n<p>T\u00e9l\u00e9phone\u00a0: +49 (0) 2562 \/ 8146-17<br \/>\nFax\u00a0: +49 (0) 2562 \/ 8146-14<br \/>\nE-mail\u00a0: <a href=\"mailto:info@fidelius-heimtier.de\">info@fidelius-handelsgesellschaft.de<\/a><\/p>\n<p><strong>Repr\u00e9sentant\u00a0:<\/strong><br \/>\nGerhard Poorthuis<\/p>\n<p><strong>Num\u00e9ro de TVA\u00a0: <\/strong><br \/>\nNum\u00e9ro de TVA au sens du \u00a727a de la loi allemande relative \u00e0 la taxe sur le chiffre d\u2019affaires\u00a0:<br \/>\nDE 241 703 943<\/p>\n<p>D\u00e9signation professionnelle\u00a0: Vente en gros<br \/>\nD\u00e9signation professionnelle en\u00a0: Allemagne<br \/>\nR\u00e8glementations\u00a0: 1<sup>e<\/sup> champ d\u2019application<\/p>\n<p>&nbsp;<\/p>\n<p>Lien\u00a0: <a href=\"https:\/\/www.fidelius-heimtier.de\">https:\/\/www.fidelius-handelsgesellschaft.de<\/a><\/p>\n<h3>Remarque sur la r\u00e9solution des litiges adopt\u00e9e dans l\u2019UE<\/h3>\n<p>Afin de r\u00e9soudre les litiges de consommation en dehors de la voie judiciaire, l\u2019Union europ\u00e9enne a mis en place une plateforme en ligne (\u00ab\u00a0Plateforme de RLL\u00a0\u00bb) que vous pouvez utiliser. Vous trouverez cette plateforme sur <a href=\"https:\/\/ec.europa.eu\/consumers\/odr\/\">https:\/\/ec.europa.eu\/consumers\/odr\/<\/a>. Notre adresse e-mail\u00a0: info@fidelius-heimtier.de<\/p>\n<p>&nbsp;<\/p>\n<h3>Clause de non-responsabilit\u00e9 \u2013 Mentions l\u00e9gales<\/h3>\n<ul>\n<li>1 Avertissement sur le contenu<br \/>\nLes informations contenues sur le pr\u00e9sent site Internet sont gratuites et libres d\u2019acc\u00e8s. Le contenu du pr\u00e9sent site Internet a fait l\u2019objet d\u2019une \u00e9laboration extr\u00eamement minutieuse. Le fournisseur du pr\u00e9sent site Internet d\u00e9cline toutefois toute responsabilit\u00e9 quant \u00e0 l\u2019exactitude et au caract\u00e8re actuel des conseils et messages publi\u00e9s \u00e0 titre gratuit et librement accessibles. Les articles sign\u00e9s constituent l\u2019avis de cet auteur, mais ne refl\u00e8tent pas forc\u00e9ment l\u2019opinion du fournisseur. Le fait de consulter le contenu du pr\u00e9sent site Internet gratuitement et librement ne donne en aucun cas lieu \u00e0 une relation contractuelle entre l\u2019utilisateur et le fournisseur, dans la mesure o\u00f9 le fournisseur ne vise pas \u00e0 instaurer une relation juridique.<\/li>\n<li>2 Liens externes<br \/>\nLe pr\u00e9sent site Internet contient des liens donnant acc\u00e8s \u00e0 des sites Internet tiers (\u00ab\u00a0liens externes\u00a0\u00bb). Lesdits sites Internet rel\u00e8vent de la responsabilit\u00e9 de leurs administrateurs. Le fournisseur a v\u00e9rifi\u00e9 le contenu du site et les \u00e9ventuelles violations de l\u00e9gislation avant d\u2019avoir mis pour la premi\u00e8re fois sur son site un lien donnant acc\u00e8s \u00e0 un site Internet tiers. Aucune violation de la l\u00e9gislation n\u2019aura \u00e9t\u00e9 observ\u00e9e \u00e0 ce moment-l\u00e0. Le fournisseur n\u2019a aucune influence sur la configuration actuelle et future des sites mis en lien, ainsi que sur leur contenu. La publication de liens externes ne signifie pas que le fournisseur prend \u00e0 son compte le contenu figurant dans le renvoi ou dans le lien. Sans mention concr\u00e8te des violations de la l\u00e9gislation, le fournisseur ne peut raisonnablement contr\u00f4ler de fa\u00e7on permanente les liens externes. Le fournisseur effacera imm\u00e9diatement ces liens externes s\u2019il constate qu\u2019ils ne respectent pas la l\u00e9gislation.<\/li>\n<li>3 Droits d\u2019auteur et droits connexes<br \/>\nLe contenu publi\u00e9 sur le pr\u00e9sent site Internet rel\u00e8ve de la l\u00e9gislation allemande sur les droits d\u2019auteur et les droits connexes. Le fournisseur ou le d\u00e9tenteur des droits concern\u00e9s doit donner au pr\u00e9alable son consentement \u00e9crit pour que la l\u00e9gislation allemande sur les droits d\u2019auteur et les droits connexes soit respect\u00e9e (en l\u2019occurrence, la reproduction, la modification, la traduction, la sauvegarde, le traitement et la restitution des informations figurant dans les bases de donn\u00e9es ou sur d\u2019autres supports et syst\u00e8mes \u00e9lectroniques). Le contenu et les droits de tiers sont identifi\u00e9s comme tels. La reproduction ou la restitution non autoris\u00e9e de certains \u00e9l\u00e9ments du contenu ou de pages compl\u00e8tes est interdite et peut \u00eatre punie par la loi. Seuls la r\u00e9alisation de copies et les t\u00e9l\u00e9chargements effectu\u00e9s \u00e0 des fins personnelles, priv\u00e9es et non commerciales sont autoris\u00e9s.<\/li>\n<\/ul>\n<p>La repr\u00e9sentation du pr\u00e9sent site Internet dans des frames externes est soumise \u00e0 un accord \u00e9crit.<\/p>\n<ul>\n<li>4 Conditions d\u2019utilisation particuli\u00e8res<br \/>\nToute condition particuli\u00e8re li\u00e9e aux diff\u00e9rentes utilisations du pr\u00e9sent site Internet et divergeant des paragraphes indiqu\u00e9s ci-dessus fera l\u2019objet d\u2019une mention explicite \u00e0 l\u2019endroit concern\u00e9. Les conditions d\u2019utilisation particuli\u00e8res s\u2019appliquent alors pour chaque cas.<\/li>\n<\/ul>\n<p>Source\u00a0: Juraforum.de \u2013 Consulter gratuitement les mentions obligatoires dans cette <a href=\"https:\/\/www.juraforum.de\/impressum-generator\/\">rubrique<\/a>.<\/p>\n<p>&nbsp;<\/p>\n<h3>D\u00e9claration de confidentialit\u00e9\u00a0:<\/h3>\n<p><strong>Protection des donn\u00e9es<\/strong><br \/>\nNous aimerions vous d\u00e9crire notre d\u00e9claration de confidentialit\u00e9 ci-apr\u00e8s. Vous trouverez ici des informations sur la collecte et l\u2019exploitation des donn\u00e9es personnelles op\u00e9r\u00e9es durant la consultation de notre site Internet. Nous respectons en la mati\u00e8re la l\u00e9gislation sur la protection des donn\u00e9es en vigueur en Allemagne. Vous pouvez consulter cette d\u00e9claration sur notre site Internet.<\/p>\n<p>Nous attirons express\u00e9ment votre attention sur le fait que la transmission de donn\u00e9es sur Internet (p. ex. lors de la communication par e-mail) pr\u00e9sente des failles de s\u00e9curit\u00e9 et ne peut \u00eatre totalement prot\u00e9g\u00e9e de l\u2019acc\u00e8s par des tiers.<\/p>\n<p>L\u2019utilisation \u00e0 des fins publicitaires de donn\u00e9es de contact indiqu\u00e9es dans nos mentions obligatoires n\u2019est absolument pas souhait\u00e9e, sauf si nous en avons au pr\u00e9alable donn\u00e9 notre accord \u00e9crit ou en cas de relation commerciale d\u00e9j\u00e0 existante. Le fournisseur et l\u2019ensemble des personnes mentionn\u00e9es sur le pr\u00e9sent site Internet s\u2019opposent par la pr\u00e9sente \u00e0 ce que leurs informations soient utilis\u00e9es et transmises \u00e0 des fins commerciales.<\/p>\n<p><strong>Donn\u00e9es personnelles<\/strong><\/p>\n<p>Vous pouvez consulter notre site Internet sans avoir \u00e0 donner d\u2019informations personnelles. Les donn\u00e9es personnelles figurant sur notre site Internet (p. ex. le nom, l\u2019adresse postale ou l\u2019adresse e-mail) sont collect\u00e9es dans la mesure du possible avec le consentement de l\u2019utilisateur. Ces informations sont transmises \u00e0 des tiers seulement si l\u2019utilisateur en a donn\u00e9 son accord explicite. Nous collectons et utilisons vos donn\u00e9es personnelles si une relation contractuelle entre vous et nous doit \u00eatre justifi\u00e9e, pr\u00e9cis\u00e9e ou modifi\u00e9e dans son contenu, ou si vous avez d\u00e9pos\u00e9 une demande aupr\u00e8s de nous\u00a0; vos donn\u00e9es personnelles sont collect\u00e9es et utilis\u00e9es uniquement par n\u00e9cessit\u00e9 (donn\u00e9es permanentes). Nous collectons, traitons et exploitons vos donn\u00e9es personnelles uniquement pour vous permettre d\u2019utiliser le site Internet (donn\u00e9es d\u2019utilisation). L\u2019ensemble des donn\u00e9es personnelles sont sauvegard\u00e9es uniquement pendant la dur\u00e9e n\u00e9cessaire \u00e0 l\u2019accomplissement de ces t\u00e2ches (traitement de votre demande ou ex\u00e9cution d\u2019un contrat). Dans ce cas, les dur\u00e9es de conservation d\u00e9finies dans le droit commercial et fiscal sont respect\u00e9es. Sur demande des autorit\u00e9s comp\u00e9tentes, nous pouvons au cas par cas diffuser des informations (donn\u00e9es permanentes), dans la mesure o\u00f9 elles visent \u00e0 ex\u00e9cuter des poursuites p\u00e9nales, \u00e0 pr\u00e9venir des risques, permettent aux pouvoirs publics garants de la constitution ou au service de contre-espionnage militaire d\u2019effectuer des t\u00e2ches d\u2019ordre l\u00e9gal, ou servent \u00e0 faire respecter les droits de propri\u00e9t\u00e9 intellectuelle.<\/p>\n<p><strong>Droit d\u2019acc\u00e8s <\/strong><br \/>\nVous avez le droit de vous renseigner \u00e0 titre gracieux et dans les meilleurs d\u00e9lais sur les informations collect\u00e9es sur votre propre personne. Vous avez le droit de retirer votre consentement li\u00e9 \u00e0 l\u2019utilisation de vos donn\u00e9es personnelles\u00a0; la non-utilisation de vos donn\u00e9es personnelles prend alors effet au moment de votre r\u00e9tractation. Veuillez consulter le fournisseur (voir donn\u00e9es de contact figurant dans les mentions obligatoires) si vous souhaitez avoir de plus amples informations.<\/p>\n<p>Source: <a href=\"https:\/\/www.juraforum.de\">www.juraforum.de<\/a><\/p>","protected":false},"excerpt":{"rendered":"<p>Fidelius Handelsgesellschaft mbH Fabrikstra\u00dfe 3 48599 Gronau T\u00e9l\u00e9phone\u00a0: +49 (0) 2562 \/ 8146-17 Fax\u00a0: +49 (0) 2562 \/ 8146-14 E-mail\u00a0: info@fidelius-handelsgesellschaft.de Repr\u00e9sentant\u00a0: [&hellip;]<\/p>\n","protected":false},"author":1,"featured_media":0,"parent":0,"menu_order":0,"comment_status":"closed","ping_status":"closed","template":"page-templates\/page_fullwidth.php","meta":{"footnotes":""},"_links":{"self":[{"href":"https:\/\/www.fidelius-handelsgesellschaft.eu\/fr\/wp-json\/wp\/v2\/pages\/18"}],"collection":[{"href":"https:\/\/www.fidelius-handelsgesellschaft.eu\/fr\/wp-json\/wp\/v2\/pages"}],"about":[{"href":"https:\/\/www.fidelius-handelsgesellschaft.eu\/fr\/wp-json\/wp\/v2\/types\/page"}],"author":[{"embeddable":true,"href":"https:\/\/www.fidelius-handelsgesellschaft.eu\/fr\/wp-json\/wp\/v2\/users\/1"}],"replies":[{"embeddable":true,"href":"https:\/\/www.fidelius-handelsgesellschaft.eu\/fr\/wp-json\/wp\/v2\/comments?post=18"}],"version-history":[{"count":25,"href":"https:\/\/www.fidelius-handelsgesellschaft.eu\/fr\/wp-json\/wp\/v2\/pages\/18\/revisions"}],"predecessor-version":[{"id":279,"href":"https:\/\/www.fidelius-handelsgesellschaft.eu\/fr\/wp-json\/wp\/v2\/pages\/18\/revisions\/279"}],"wp:attachment":[{"href":"https:\/\/www.fidelius-handelsgesellschaft.eu\/fr\/wp-json\/wp\/v2\/media?parent=18"}],"curies":[{"name":"wp","href":"https:\/\/api.w.org\/{rel}","templated":true}]}}