{"id":2,"date":"2016-05-10T03:48:21","date_gmt":"2016-05-10T03:48:21","guid":{"rendered":"http:\/\/wp452m.a10-52-158-154.qa.plesk.ru\/wordpress\/?page_id=2"},"modified":"2020-01-30T12:24:03","modified_gmt":"2020-01-30T12:24:03","slug":"sample-page","status":"publish","type":"page","link":"https:\/\/www.fidelius-handelsgesellschaft.eu\/fr\/","title":{"rendered":"Accueil"},"content":{"rendered":"<p><\/p>\n<h3 class=\"widget-title\" style=\"text-align: center;\"><strong>\u00c0 propos de nous<\/strong><img loading=\"lazy\" decoding=\"async\" class=\"size-full wp-image-70 alignright\" src=\"https:\/\/www.fidelius-handelsgesellschaft.eu\/wp-content\/uploads\/2017\/01\/FSCgw_d_rgb.jpg\" alt=\"\" width=\"156\" height=\"226\" \/><\/h3>\n<p style=\"text-align: center;\">fidelius est votre partenaire si vous cherchez des produits r\u00e9pondant aux besoins de votre animal de compagnie. Notre gamme compl\u00e8te s\u00e9duit par sa qualit\u00e9 sup\u00e9rieure et sa s\u00e9lection raffin\u00e9e. En tant que client, vous aurez donc le meilleur. Nous fabriquons nos produits en suivant des principes stricts de durabilit\u00e9 et veillons \u00e0 ce que nos fabricants et notre propre production respectent les normes sociales. Une utilisation durable de l\u2019\u00e9nergie et des mati\u00e8res premi\u00e8res sont pour nous une \u00e9vidence. Notre entreprise sensibilise et apprend \u00e0 nos partenaires de la cha\u00eene de cr\u00e9ation de valeur \u00e0 respecter nos principes de base et nos orientations en mati\u00e8re de gestion durable.<br \/>\nNotre entreprise est certifi\u00e9e FSC<sup>\u00ae <\/sup>et nos produits en bois certifi\u00e9s respectent les normes FSC<sup>\u00ae<\/sup>. Le bois utilis\u00e9 est issu de for\u00eats faisant l\u2019objet d\u2019une exploitation respectueuse.<\/p>\n<p style=\"text-align: center;\">\n<h3 class=\"widget-title\" style=\"text-align: center;\"><img loading=\"lazy\" decoding=\"async\" class=\" wp-image-171 alignright\" src=\"https:\/\/fidelius-heimtier.de\/wp-content\/uploads\/2017\/01\/Hamster-Heurolle-277x300.png\" alt=\"\" width=\"150\" height=\"162\" srcset=\"https:\/\/www.fidelius-handelsgesellschaft.eu\/wp-content\/uploads\/2017\/01\/Hamster-Heurolle-277x300.png 277w, https:\/\/www.fidelius-handelsgesellschaft.eu\/wp-content\/uploads\/2017\/01\/Hamster-Heurolle-768x831.png 768w, https:\/\/www.fidelius-handelsgesellschaft.eu\/wp-content\/uploads\/2017\/01\/Hamster-Heurolle-947x1024.png 947w, https:\/\/www.fidelius-handelsgesellschaft.eu\/wp-content\/uploads\/2017\/01\/Hamster-Heurolle-830x898.png 830w, https:\/\/www.fidelius-handelsgesellschaft.eu\/wp-content\/uploads\/2017\/01\/Hamster-Heurolle-230x249.png 230w, https:\/\/www.fidelius-handelsgesellschaft.eu\/wp-content\/uploads\/2017\/01\/Hamster-Heurolle-350x378.png 350w, https:\/\/www.fidelius-handelsgesellschaft.eu\/wp-content\/uploads\/2017\/01\/Hamster-Heurolle-480x519.png 480w\" sizes=\"(max-width: 150px) 100vw, 150px\" \/><\/h3>\n<p><\/p>","protected":false},"excerpt":{"rendered":"<p>\u00c0 propos de nous fidelius est votre partenaire si vous cherchez des produits r\u00e9pondant aux besoins de votre animal de compagnie. Notre [&hellip;]<\/p>\n","protected":false},"author":1,"featured_media":0,"parent":0,"menu_order":0,"comment_status":"closed","ping_status":"open","template":"page-templates\/page_fullwidth.php","meta":{"footnotes":""},"_links":{"self":[{"href":"https:\/\/www.fidelius-handelsgesellschaft.eu\/fr\/wp-json\/wp\/v2\/pages\/2"}],"collection":[{"href":"https:\/\/www.fidelius-handelsgesellschaft.eu\/fr\/wp-json\/wp\/v2\/pages"}],"about":[{"href":"https:\/\/www.fidelius-handelsgesellschaft.eu\/fr\/wp-json\/wp\/v2\/types\/page"}],"author":[{"embeddable":true,"href":"https:\/\/www.fidelius-handelsgesellschaft.eu\/fr\/wp-json\/wp\/v2\/users\/1"}],"replies":[{"embeddable":true,"href":"https:\/\/www.fidelius-handelsgesellschaft.eu\/fr\/wp-json\/wp\/v2\/comments?post=2"}],"version-history":[{"count":44,"href":"https:\/\/www.fidelius-handelsgesellschaft.eu\/fr\/wp-json\/wp\/v2\/pages\/2\/revisions"}],"predecessor-version":[{"id":272,"href":"https:\/\/www.fidelius-handelsgesellschaft.eu\/fr\/wp-json\/wp\/v2\/pages\/2\/revisions\/272"}],"wp:attachment":[{"href":"https:\/\/www.fidelius-handelsgesellschaft.eu\/fr\/wp-json\/wp\/v2\/media?parent=2"}],"curies":[{"name":"wp","href":"https:\/\/api.w.org\/{rel}","templated":true}]}}