{"id":18,"date":"2017-01-10T12:19:06","date_gmt":"2017-01-10T12:19:06","guid":{"rendered":"http:\/\/fidelius-heimtier.de\/?page_id=18"},"modified":"2022-09-08T07:39:16","modified_gmt":"2022-09-08T07:39:16","slug":"impressum","status":"publish","type":"page","link":"https:\/\/www.fidelius-handelsgesellschaft.eu\/it\/impressum\/","title":{"rendered":"Colophon"},"content":{"rendered":"<p>Fidelius Handelsgesellschaft GmbH<\/p>\n<p>Fabrikstra\u00dfe 3<br \/>\n48599 Gronau<\/p>\n<p>Telefono: +49 (0) 2562 \/ 8146-17<br \/>\nTelefax: +49 (0) 2562 \/ 8146-14<br \/>\nE-mail: <a href=\"mailto:info@fidelius-heimtier.de\">info@fidelius-handelsgesellschaft.de<\/a><\/p>\n<p><strong>Rappresentato da:<\/strong><br \/>\nGerhard Poorthuis<\/p>\n<p><strong>ID imposta su fattura: <\/strong><br \/>\nID imposta sulle vendite ai sensi della Legge sul fatturato (Umsatzsteuergesetz) \u00a727a:<br \/>\nDE 241 703 943<\/p>\n<p>Denominazione azienda: grande distribuzione<br \/>\nDenominazione della qualifica professionale assegnata nel Paese: Germania<br \/>\nDisposizioni: 1. Ambito di validit\u00e0<\/p>\n<p>Link: <a href=\"https:\/\/www.fidelius-heimtier.de\">https:\/\/www.fidelius-handelsgesellschaft.de<\/a><\/p>\n<h3>Avvertenze sulle risoluzioni della controversia EU<\/h3>\n<p>Per il componimento extragiudiziale di controversie in materia di diritti del consumatore, l\u2019Unione Europea ha creato la piattaforma online (\u201cPiattaforma OS\u201d), cui \u00e8 possibile rivolgersi. La piattaforma \u00e8 contenuta nel sito <a href=\"https:\/\/ec.europa.eu\/consumers\/odr\/\">https:\/\/ec.europa.eu\/consumers\/odr\/<\/a>. Il nostro indirizzo e-mail \u00e8: info@fidelius-heimtier.de<\/p>\n<p>&nbsp;<\/p>\n<h3>Clausola di esclusione di responsabilit\u00e0 \u2013 note legali<\/h3>\n<ul>\n<li>1 Avvertenze sui contenuti<br \/>\nI contenuti gratuiti e liberamente accessibili della presente pagina Web sono stati realizzati con la massima cura. Il fornitore della presente pagina Web declina tuttavia qualsiasi responsabilit\u00e0 per la correttezza e attualit\u00e0 delle consulenze e informazioni giornalistiche gratuite e liberamente accessibili fornite. I contributi nominativi riportano l\u2019opinione del relativo autore e non sempre quella del fornitore. Non basta richiamare i contenuti gratuiti e liberamente accessibili perch\u00e9 si crei un rapporto contrattuale tra utente e fornitore, in quanto manca la volont\u00e0 giuridica del fornitore di creare un vincolo.<\/li>\n<li>2 Link esterni<br \/>\nLa presente pagina Web contiene collegamenti a siti Web di terzi (\u201clink esterni\u201d). Tali siti Web rientrano nella responsabilit\u00e0 del relativo gestore. Il fornitore ha controllato al primo collegamento con i link esterni i contenuti di terzi in termini di violazioni giuridiche. In quel momento non ne \u00e8 stata riscontrata nessuna. Il fornitore non pu\u00f2 influire in alcun modo sulla configurazione attuale e futura, n\u00e9 sui contenuti delle pagine collegate. L\u2019impostazione di link esterni non significa che il fornitore abbia fatto propri i contenuti che si celano dietro il rimando o il link. Non si pu\u00f2 esigere un controllo costante dei link esterni da parte del fornitore senza concrete indicazioni di una violazione giuridica. Nel caso in cui venga a conoscenza di violazioni giuridiche, questi link esterni verranno immediatamente cancellati.<\/li>\n<li>3 Diritti d\u2019autore e di protezione delle prestazioni<br \/>\nI contenuti pubblicati nella presente pagina Web sono soggetti a diritti d\u2019autore e di protezione delle prestazioni della legge tedesca. Qualsiasi utilizzo non consentito dal diritto d\u2019autore e di protezione delle prestazioni tedesco necessita di previa conferma scritta del fornitore o del relativo titolare di diritti. Questo vale in particolare per la duplicazione, elaborazione, traduzione, memorizzazione, modifica ovvero riproduzione di contenuti in database o altri supporti e sistemi elettronici. Contenuti e diritti di terzi sono contrassegnati come tali. La riproduzione o trasmissione di singoli contenuti o pagine complete non sono consentite e passibili di pena. \u00c8 consentita esclusivamente la produzione di copie e download per uso personale, privato e non commerciale.<\/li>\n<\/ul>\n<p>La rappresentazione di questa pagina Web in frame di terzi \u00e8 consentita esclusivamente previa autorizzazione scritta.<\/p>\n<ul>\n<li>4 Condizioni d\u2019uso speciali<br \/>\nNella misura in cui condizioni particolari per singoli usi del presente sito Web si discostino dai paragrafi menzionati in precedenza, si rimanda espressamente al punto corrispondente. Al singolo caso si applicano le condizioni d\u2019uso speciali.<\/li>\n<\/ul>\n<p>Fonte: Juraforum.de \u2013 Creare <a href=\"https:\/\/www.juraforum.de\/impressum-generator\/\">qui<\/a> gratuitamente il colophon online.<\/p>\n<p>&nbsp;<\/p>\n<h3>Dichiarazione sulla privacy:<\/h3>\n<p><strong>Protezione dati<\/strong><br \/>\nDi seguito desideriamo informare in merito alla protezione dei dati. Qui sono riportate informazioni sul rilevamento e sull\u2019uso di dati personali nell\u2019ambito dell\u2019utilizzo della nostra pagina Web. A riguardo ci atteniamo alla legge sulla tutela dei dati applicabile in Germania. Tale dichiarazione pu\u00f2 essere richiamata dalla nostra pagina Web in qualsiasi momento.<\/p>\n<p>Si segnala espressamente che la trasmissione dati in Internet (per esempio attraverso le comunicazioni via e-mail) presenta lacune in termini di sicurezza e non pu\u00f2 essere protetta perfettamente dall\u2019accesso da parte di terzi.<\/p>\n<p>L\u2019utilizzo di dati di contatto riportati nel nostro colophon a fini pubblicitari \u00e8 espressamente vietato, a meno che non abbiate ottenuto la nostra autorizzazione scritta o non sussista gi\u00e0 un rapporto commerciale. Il fornitore e tutte le persone menzionate in questo sito Web si oppongono con la presente, a qualsiasi uso commerciale e trasmissione dei propri dati.<\/p>\n<p><strong>Dati personali<\/strong><\/p>\n<p>\u00c8 possibile visitare la nostra pagina Web senza indicare dati personali. Nella misura in cui sulle nostre pagine vengano rilevati dati personali (come nome, indirizzo, indirizzo e-mail), ci\u00f2 avviene, fin dove possibile, su base volontaria. In mancanza di previa approvazione espressa da parte vostra, i dati non vengono trasmessi a terzi. Nella misura in cui tra voi e noi si debba istituire, configurare o modificare il contenuto di un rapporto contrattuale, o qualora voi effettuiate una richiesta, rileviamo e utilizziamo i vostri dati personali ove ci\u00f2 sia utile per le finalit\u00e0 indicate (dati predeterminati). Rileviamo, elaboriamo e utilizziamo i vostri dati personali solo nella misura in cui ci\u00f2 si renda necessario per consentirvi di usufruire dell\u2019offerta Web (dati d\u2019uso) Tutti i dati personali rimangono memorizzati soltanto finch\u00e9 ci\u00f2 sia utile per lo scopo menzionato (elaborazione della richiesta o esecuzione di contratto), tenendo conto dei termini di conservazione previsti dalle leggi fiscali e commerciali. Su richiesta dell\u2019ufficio competente, nel singolo caso abbiamo facolt\u00e0 di fornire informazioni su tali dati (dati predeterminati), ove ci\u00f2 sia necessario per azione penale, limitazione dei pericoli, adempimento di obblighi giuridici delle autorit\u00e0 di difesa dei principi costituzionali o del servizio di controspionaggio militare o per affermare diritti sulla propriet\u00e0 intellettuale.<\/p>\n<p><strong>Diritto d\u2019informazione<\/strong><br \/>\nAvete il diritto di informarvi in qualsiasi momento a titolo gratuito e immediato sui vostri dati personali rilevati. Avete il diritto di revocare in qualsiasi momento il consenso all\u2019uso dei vostri dati personali con effetti solo per il futuro. Per avere informazioni, rivolgersi al fornitore alla voce \u201cdati di contatto\u201d nel colophon.<\/p>\n<p>Fonte: <a href=\"https:\/\/www.juraforum.de\">www.juraforum.de<\/a><\/p>","protected":false},"excerpt":{"rendered":"<p>Fidelius Handelsgesellschaft GmbH Fabrikstra\u00dfe 3 48599 Gronau Telefono: +49 (0) 2562 \/ 8146-17 Telefax: +49 (0) 2562 \/ 8146-14 E-mail: info@fidelius-handelsgesellschaft.de Rappresentato [&hellip;]<\/p>\n","protected":false},"author":1,"featured_media":0,"parent":0,"menu_order":0,"comment_status":"closed","ping_status":"closed","template":"page-templates\/page_fullwidth.php","meta":{"footnotes":""},"_links":{"self":[{"href":"https:\/\/www.fidelius-handelsgesellschaft.eu\/it\/wp-json\/wp\/v2\/pages\/18"}],"collection":[{"href":"https:\/\/www.fidelius-handelsgesellschaft.eu\/it\/wp-json\/wp\/v2\/pages"}],"about":[{"href":"https:\/\/www.fidelius-handelsgesellschaft.eu\/it\/wp-json\/wp\/v2\/types\/page"}],"author":[{"embeddable":true,"href":"https:\/\/www.fidelius-handelsgesellschaft.eu\/it\/wp-json\/wp\/v2\/users\/1"}],"replies":[{"embeddable":true,"href":"https:\/\/www.fidelius-handelsgesellschaft.eu\/it\/wp-json\/wp\/v2\/comments?post=18"}],"version-history":[{"count":25,"href":"https:\/\/www.fidelius-handelsgesellschaft.eu\/it\/wp-json\/wp\/v2\/pages\/18\/revisions"}],"predecessor-version":[{"id":279,"href":"https:\/\/www.fidelius-handelsgesellschaft.eu\/it\/wp-json\/wp\/v2\/pages\/18\/revisions\/279"}],"wp:attachment":[{"href":"https:\/\/www.fidelius-handelsgesellschaft.eu\/it\/wp-json\/wp\/v2\/media?parent=18"}],"curies":[{"name":"wp","href":"https:\/\/api.w.org\/{rel}","templated":true}]}}